{"id":18,"date":"2014-10-28T09:54:33","date_gmt":"2014-10-28T09:54:33","guid":{"rendered":"https:\/\/dongduongsea.com\/?page_id=18"},"modified":"2019-02-26T10:40:42","modified_gmt":"2019-02-26T03:40:42","slug":"lien-he","status":"publish","type":"page","link":"https:\/\/dongduongsea.com\/?page_id=18","title":{"rendered":"LI\u00caN H\u1ec6"},"content":{"rendered":"<p>\u0110\u00f4ng D\u01b0\u01a1ng SEA l\u00e0 \u0111\u01a1n v\u1ecb chuy\u00ean cung c\u1ea5p c\u00e1c m\u1eb7t h\u00e0ng ph\u1ee5 ki\u1ec7n c\u1eeda v\u00e0 ph\u1ee5 ki\u1ec7n s\u1ea3n xu\u1ea5t c\u1eeda th\u00e9p ch\u1ed1ng ch\u00e1y. C\u00e1c m\u1eb7t h\u00e0ng do ch\u00fang t\u00f4i cung c\u1ea5p lu\u00f4n \u0111\u1ea3m b\u1ea3o ch\u1ea5t l\u01b0\u1ee3ng t\u1ed1t nh\u1ea5t, gi\u00e1 th\u00e0nh c\u1ea1nh tranh.<\/p>\n<p>Ch\u00fang t\u00f4i lu\u00f4n coi s\u1ef1 h\u00e0i l\u00f2ng c\u1ee7a qu\u00fd kh\u00e1ch h\u00e0ng l\u00e0 ph\u01b0\u01a1ng ch\u00e2m \u0111\u1ec3 ph\u00e1t tri\u1ec3n s\u1ea3n ph\u1ea9m.!<\/p>\n<p><strong data-blogger-escaped-style=\"mso-bidi-font-weight: normal;\">Th\u00f4ng tin li\u00ean h\u1ec7<\/strong>:<\/p>\n<p><strong data-blogger-escaped-style=\"mso-bidi-font-weight: normal;\">Hotline: 0789 500 777<br \/>\n<\/strong><\/p>\n<p>\u0110\u1ecba ch\u1ec9: Khu c\u00f4ng nghi\u1ec7p V\u0129nh Tuy, Ho\u00e0ng Mai, H\u00e0 N\u1ed9i.<\/p>\n<p><span style=\"font-size: 18pt;\">LI\u00caN H\u1ec6<\/span><\/p>\n<div role=\"form\" class=\"wpcf7\" id=\"wpcf7-f4-o1\" lang=\"vi\" dir=\"ltr\">\n<div class=\"screen-reader-response\"><p role=\"status\" aria-live=\"polite\" aria-atomic=\"true\"><\/p> <ul><\/ul><\/div>\n<form action=\"\/index.php?rest_route=%2Fwp%2Fv2%2Fpages%2F18#wpcf7-f4-o1\" method=\"post\" class=\"wpcf7-form init\" novalidate=\"novalidate\" data-status=\"init\">\n<div style=\"display: none;\">\n<input type=\"hidden\" name=\"_wpcf7\" value=\"4\" \/>\n<input type=\"hidden\" name=\"_wpcf7_version\" value=\"5.6.3\" \/>\n<input type=\"hidden\" name=\"_wpcf7_locale\" value=\"vi\" \/>\n<input type=\"hidden\" name=\"_wpcf7_unit_tag\" value=\"wpcf7-f4-o1\" \/>\n<input type=\"hidden\" name=\"_wpcf7_container_post\" value=\"0\" \/>\n<input type=\"hidden\" name=\"_wpcf7_posted_data_hash\" value=\"\" \/>\n<\/div>\n<p>H\u1ecd t\u00ean (*):<br \/>\n    <span class=\"wpcf7-form-control-wrap\" data-name=\"your-name\"><input type=\"text\" name=\"your-name\" value=\"\" size=\"40\" class=\"wpcf7-form-control wpcf7-text wpcf7-validates-as-required\" aria-required=\"true\" aria-invalid=\"false\" \/><\/span> <\/p>\n<p> Email (*):<br \/>\n    <span class=\"wpcf7-form-control-wrap\" data-name=\"your-email\"><input type=\"email\" name=\"your-email\" value=\"\" size=\"40\" class=\"wpcf7-form-control wpcf7-text wpcf7-email wpcf7-validates-as-required wpcf7-validates-as-email\" aria-required=\"true\" aria-invalid=\"false\" \/><\/span> <\/p>\n<p>S\u1ed1 \u0111i\u1ec7n tho\u1ea1i:<br \/>\n     <span class=\"wpcf7-form-control-wrap\" data-name=\"phone\"><input type=\"text\" name=\"phone\" value=\"\" size=\"40\" class=\"wpcf7-form-control wpcf7-text\" aria-invalid=\"false\" \/><\/span>\n<\/p>\n<p>Ti\u00eau \u0111\u1ec1:<br \/>\n    <span class=\"wpcf7-form-control-wrap\" data-name=\"your-subject\"><input type=\"text\" name=\"your-subject\" value=\"\" size=\"40\" class=\"wpcf7-form-control wpcf7-text\" aria-invalid=\"false\" \/><\/span> <\/p>\n<p>L\u1eddi nh\u1eafn:<br \/>\n    <span class=\"wpcf7-form-control-wrap\" data-name=\"your-message\"><textarea name=\"your-message\" cols=\"40\" rows=\"10\" class=\"wpcf7-form-control wpcf7-textarea\" aria-invalid=\"false\"><\/textarea><\/span> <\/p>\n<p><input type=\"submit\" value=\"G\u1eedi li\u00ean h\u1ec7\" class=\"wpcf7-form-control has-spinner wpcf7-submit\" \/><\/p>\n<div class=\"wpcf7-response-output\" aria-hidden=\"true\"><\/div><\/form><\/div>\n","protected":false},"excerpt":{"rendered":"<p>\u0110\u00f4ng D\u01b0\u01a1ng SEA l\u00e0 \u0111\u01a1n v\u1ecb chuy\u00ean cung c\u1ea5p c\u00e1c m\u1eb7t h\u00e0ng ph\u1ee5 ki\u1ec7n c\u1eeda v\u00e0 ph\u1ee5 ki\u1ec7n s\u1ea3n xu\u1ea5t c\u1eeda th\u00e9p ch\u1ed1ng ch\u00e1y. C\u00e1c m\u1eb7t h\u00e0ng do ch\u00fang t\u00f4i cung c\u1ea5p lu\u00f4n \u0111\u1ea3m b\u1ea3o ch\u1ea5t l\u01b0\u1ee3ng t\u1ed1t nh\u1ea5t, gi\u00e1 th\u00e0nh c\u1ea1nh tranh. Ch\u00fang t\u00f4i lu\u00f4n coi s\u1ef1 h\u00e0i l\u00f2ng c\u1ee7a qu\u00fd kh\u00e1ch h\u00e0ng l\u00e0 [&hellip;]<\/p>\n","protected":false},"author":1,"featured_media":0,"parent":0,"menu_order":7,"comment_status":"open","ping_status":"open","template":"template-contact.php","meta":{"footnotes":""},"class_list":["post-18","page","type-page","status-publish","hentry"],"acf":[],"yoast_head":"<!-- This site is optimized with the Yoast SEO plugin v20.4 - https:\/\/yoast.com\/wordpress\/plugins\/seo\/ -->\n<title>LI\u00caN H\u1ec6 &ndash; \u0110\u00f4ng D\u01b0\u01a1ng Sea - Nh\u00e0 ph\u00e2n ph\u1ed1i ph\u1ee5 ki\u1ec7n c\u1eeda gi\u00e1 r\u1ebb<\/title>\n<meta name=\"robots\" content=\"index, follow, max-snippet:-1, max-image-preview:large, max-video-preview:-1\" \/>\n<link rel=\"canonical\" href=\"https:\/\/dongduongsea.com\/?page_id=18\" \/>\n<meta property=\"og:locale\" content=\"vi_VN\" \/>\n<meta property=\"og:type\" content=\"article\" \/>\n<meta property=\"og:title\" content=\"LI\u00caN H\u1ec6 &ndash; \u0110\u00f4ng D\u01b0\u01a1ng Sea - Nh\u00e0 ph\u00e2n ph\u1ed1i ph\u1ee5 ki\u1ec7n c\u1eeda gi\u00e1 r\u1ebb\" \/>\n<meta property=\"og:description\" content=\"\u0110\u00f4ng D\u01b0\u01a1ng SEA l\u00e0 \u0111\u01a1n v\u1ecb chuy\u00ean cung c\u1ea5p c\u00e1c m\u1eb7t h\u00e0ng ph\u1ee5 ki\u1ec7n c\u1eeda v\u00e0 ph\u1ee5 ki\u1ec7n s\u1ea3n xu\u1ea5t c\u1eeda th\u00e9p ch\u1ed1ng ch\u00e1y. C\u00e1c m\u1eb7t h\u00e0ng do ch\u00fang t\u00f4i cung c\u1ea5p lu\u00f4n \u0111\u1ea3m b\u1ea3o ch\u1ea5t l\u01b0\u1ee3ng t\u1ed1t nh\u1ea5t, gi\u00e1 th\u00e0nh c\u1ea1nh tranh. Ch\u00fang t\u00f4i lu\u00f4n coi s\u1ef1 h\u00e0i l\u00f2ng c\u1ee7a qu\u00fd kh\u00e1ch h\u00e0ng l\u00e0 [&hellip;]\" \/>\n<meta property=\"og:url\" content=\"https:\/\/dongduongsea.com\/?page_id=18\" \/>\n<meta property=\"og:site_name\" content=\"\u0110\u00f4ng D\u01b0\u01a1ng Sea - Nh\u00e0 ph\u00e2n ph\u1ed1i ph\u1ee5 ki\u1ec7n c\u1eeda gi\u00e1 r\u1ebb\" \/>\n<meta property=\"article:publisher\" content=\"https:\/\/www.facebook.com\/dongduongsea\" \/>\n<meta property=\"article:modified_time\" content=\"2019-02-26T03:40:42+00:00\" \/>\n<meta name=\"twitter:card\" content=\"summary_large_image\" \/>\n<meta name=\"twitter:label1\" content=\"\u01af\u1edbc t\u00ednh th\u1eddi gian \u0111\u1ecdc\" \/>\n\t<meta name=\"twitter:data1\" content=\"1 ph\u00fat\" \/>\n<script type=\"application\/ld+json\" class=\"yoast-schema-graph\">{\"@context\":\"https:\/\/schema.org\",\"@graph\":[{\"@type\":\"WebPage\",\"@id\":\"https:\/\/dongduongsea.com\/?page_id=18\",\"url\":\"https:\/\/dongduongsea.com\/?page_id=18\",\"name\":\"LI\u00caN H\u1ec6 &ndash; \u0110\u00f4ng D\u01b0\u01a1ng Sea - Nh\u00e0 ph\u00e2n ph\u1ed1i ph\u1ee5 ki\u1ec7n c\u1eeda gi\u00e1 r\u1ebb\",\"isPartOf\":{\"@id\":\"https:\/\/dongduongsea.com\/#website\"},\"datePublished\":\"2014-10-28T09:54:33+00:00\",\"dateModified\":\"2019-02-26T03:40:42+00:00\",\"breadcrumb\":{\"@id\":\"https:\/\/dongduongsea.com\/?page_id=18#breadcrumb\"},\"inLanguage\":\"vi\",\"potentialAction\":[{\"@type\":\"ReadAction\",\"target\":[\"https:\/\/dongduongsea.com\/?page_id=18\"]}]},{\"@type\":\"BreadcrumbList\",\"@id\":\"https:\/\/dongduongsea.com\/?page_id=18#breadcrumb\",\"itemListElement\":[{\"@type\":\"ListItem\",\"position\":1,\"name\":\"Home\",\"item\":\"https:\/\/dongduongsea.com\/\"},{\"@type\":\"ListItem\",\"position\":2,\"name\":\"LI\u00caN H\u1ec6\"}]},{\"@type\":\"WebSite\",\"@id\":\"https:\/\/dongduongsea.com\/#website\",\"url\":\"https:\/\/dongduongsea.com\/\",\"name\":\"\u0110\u00f4ng D\u01b0\u01a1ng Sea - Nh\u00e0 ph\u00e2n ph\u1ed1i ph\u1ee5 ki\u1ec7n c\u1eeda gi\u00e1 r\u1ebb\",\"description\":\"\u0110\u00f4ng D\u01b0\u01a1ng Sea - Nh\u00e0 ph\u00e2n ph\u1ed1i ph\u1ee5 ki\u1ec7n c\u1eeda gi\u00e1 r\u1ebb\",\"potentialAction\":[{\"@type\":\"SearchAction\",\"target\":{\"@type\":\"EntryPoint\",\"urlTemplate\":\"https:\/\/dongduongsea.com\/?s={search_term_string}\"},\"query-input\":\"required name=search_term_string\"}],\"inLanguage\":\"vi\"}]}<\/script>\n<!-- \/ Yoast SEO plugin. -->","yoast_head_json":{"title":"LI\u00caN H\u1ec6 &ndash; \u0110\u00f4ng D\u01b0\u01a1ng Sea - Nh\u00e0 ph\u00e2n ph\u1ed1i ph\u1ee5 ki\u1ec7n c\u1eeda gi\u00e1 r\u1ebb","robots":{"index":"index","follow":"follow","max-snippet":"max-snippet:-1","max-image-preview":"max-image-preview:large","max-video-preview":"max-video-preview:-1"},"canonical":"https:\/\/dongduongsea.com\/?page_id=18","og_locale":"vi_VN","og_type":"article","og_title":"LI\u00caN H\u1ec6 &ndash; \u0110\u00f4ng D\u01b0\u01a1ng Sea - Nh\u00e0 ph\u00e2n ph\u1ed1i ph\u1ee5 ki\u1ec7n c\u1eeda gi\u00e1 r\u1ebb","og_description":"\u0110\u00f4ng D\u01b0\u01a1ng SEA l\u00e0 \u0111\u01a1n v\u1ecb chuy\u00ean cung c\u1ea5p c\u00e1c m\u1eb7t h\u00e0ng ph\u1ee5 ki\u1ec7n c\u1eeda v\u00e0 ph\u1ee5 ki\u1ec7n s\u1ea3n xu\u1ea5t c\u1eeda th\u00e9p ch\u1ed1ng ch\u00e1y. C\u00e1c m\u1eb7t h\u00e0ng do ch\u00fang t\u00f4i cung c\u1ea5p lu\u00f4n \u0111\u1ea3m b\u1ea3o ch\u1ea5t l\u01b0\u1ee3ng t\u1ed1t nh\u1ea5t, gi\u00e1 th\u00e0nh c\u1ea1nh tranh. Ch\u00fang t\u00f4i lu\u00f4n coi s\u1ef1 h\u00e0i l\u00f2ng c\u1ee7a qu\u00fd kh\u00e1ch h\u00e0ng l\u00e0 [&hellip;]","og_url":"https:\/\/dongduongsea.com\/?page_id=18","og_site_name":"\u0110\u00f4ng D\u01b0\u01a1ng Sea - Nh\u00e0 ph\u00e2n ph\u1ed1i ph\u1ee5 ki\u1ec7n c\u1eeda gi\u00e1 r\u1ebb","article_publisher":"https:\/\/www.facebook.com\/dongduongsea","article_modified_time":"2019-02-26T03:40:42+00:00","twitter_card":"summary_large_image","twitter_misc":{"\u01af\u1edbc t\u00ednh th\u1eddi gian \u0111\u1ecdc":"1 ph\u00fat"},"schema":{"@context":"https:\/\/schema.org","@graph":[{"@type":"WebPage","@id":"https:\/\/dongduongsea.com\/?page_id=18","url":"https:\/\/dongduongsea.com\/?page_id=18","name":"LI\u00caN H\u1ec6 &ndash; \u0110\u00f4ng D\u01b0\u01a1ng Sea - Nh\u00e0 ph\u00e2n ph\u1ed1i ph\u1ee5 ki\u1ec7n c\u1eeda gi\u00e1 r\u1ebb","isPartOf":{"@id":"https:\/\/dongduongsea.com\/#website"},"datePublished":"2014-10-28T09:54:33+00:00","dateModified":"2019-02-26T03:40:42+00:00","breadcrumb":{"@id":"https:\/\/dongduongsea.com\/?page_id=18#breadcrumb"},"inLanguage":"vi","potentialAction":[{"@type":"ReadAction","target":["https:\/\/dongduongsea.com\/?page_id=18"]}]},{"@type":"BreadcrumbList","@id":"https:\/\/dongduongsea.com\/?page_id=18#breadcrumb","itemListElement":[{"@type":"ListItem","position":1,"name":"Home","item":"https:\/\/dongduongsea.com\/"},{"@type":"ListItem","position":2,"name":"LI\u00caN H\u1ec6"}]},{"@type":"WebSite","@id":"https:\/\/dongduongsea.com\/#website","url":"https:\/\/dongduongsea.com\/","name":"\u0110\u00f4ng D\u01b0\u01a1ng Sea - Nh\u00e0 ph\u00e2n ph\u1ed1i ph\u1ee5 ki\u1ec7n c\u1eeda gi\u00e1 r\u1ebb","description":"\u0110\u00f4ng D\u01b0\u01a1ng Sea - Nh\u00e0 ph\u00e2n ph\u1ed1i ph\u1ee5 ki\u1ec7n c\u1eeda gi\u00e1 r\u1ebb","potentialAction":[{"@type":"SearchAction","target":{"@type":"EntryPoint","urlTemplate":"https:\/\/dongduongsea.com\/?s={search_term_string}"},"query-input":"required name=search_term_string"}],"inLanguage":"vi"}]}},"_links":{"self":[{"href":"https:\/\/dongduongsea.com\/index.php?rest_route=\/wp\/v2\/pages\/18","targetHints":{"allow":["GET"]}}],"collection":[{"href":"https:\/\/dongduongsea.com\/index.php?rest_route=\/wp\/v2\/pages"}],"about":[{"href":"https:\/\/dongduongsea.com\/index.php?rest_route=\/wp\/v2\/types\/page"}],"author":[{"embeddable":true,"href":"https:\/\/dongduongsea.com\/index.php?rest_route=\/wp\/v2\/users\/1"}],"replies":[{"embeddable":true,"href":"https:\/\/dongduongsea.com\/index.php?rest_route=%2Fwp%2Fv2%2Fcomments&post=18"}],"version-history":[{"count":3,"href":"https:\/\/dongduongsea.com\/index.php?rest_route=\/wp\/v2\/pages\/18\/revisions"}],"predecessor-version":[{"id":2256,"href":"https:\/\/dongduongsea.com\/index.php?rest_route=\/wp\/v2\/pages\/18\/revisions\/2256"}],"wp:attachment":[{"href":"https:\/\/dongduongsea.com\/index.php?rest_route=%2Fwp%2Fv2%2Fmedia&parent=18"}],"curies":[{"name":"wp","href":"https:\/\/api.w.org\/{rel}","templated":true}]}}